{"id":445,"date":"2024-07-03T14:32:59","date_gmt":"2024-07-03T17:32:59","guid":{"rendered":"https:\/\/tac7.com.br\/rh-exponencial-ou-linear\/?page_id=445"},"modified":"2024-07-03T14:33:56","modified_gmt":"2024-07-03T17:33:56","slug":"termos-de-uso","status":"publish","type":"page","link":"https:\/\/tac7.com.br\/rh-exponencial-ou-linear\/termos-de-uso\/","title":{"rendered":"Termos de Uso"},"content":{"rendered":"\t\t<div data-elementor-type=\"wp-page\" data-elementor-id=\"445\" class=\"elementor elementor-445\" data-elementor-post-type=\"page\">\n\t\t\t\t<div class=\"elementor-element elementor-element-925c3a4 e-flex e-con-boxed e-con e-parent\" data-id=\"925c3a4\" data-element_type=\"container\">\n\t\t\t\t\t<div class=\"e-con-inner\">\n\t\t\t\t<div class=\"elementor-element elementor-element-75ca6a9 elementor-widget elementor-widget-image\" data-id=\"75ca6a9\" data-element_type=\"widget\" data-widget_type=\"image.default\">\n\t\t\t\t<div class=\"elementor-widget-container\">\n\t\t\t\t\t\t\t\t\t\t\t\t\t\t\t<img decoding=\"async\" src=\"https:\/\/tac7.com.br\/rh-exponencial-ou-linear\/wp-content\/uploads\/elementor\/thumbs\/Elementos-10-qqkronxk3nr39pbfounj84mgo6el0qe2xhv5hy0iqq.png\" title=\"Elementos 10\" alt=\"Elementos 10\" loading=\"lazy\" \/>\t\t\t\t\t\t\t\t\t\t\t\t\t\t\t<\/div>\n\t\t\t\t<\/div>\n\t\t\t\t<div class=\"elementor-element elementor-element-46cdc4f elementor-widget elementor-widget-heading\" data-id=\"46cdc4f\" data-element_type=\"widget\" data-widget_type=\"heading.default\">\n\t\t\t\t<div class=\"elementor-widget-container\">\n\t\t\t\t\t<h2 class=\"elementor-heading-title elementor-size-default\">Termos de Uso<\/h2>\t\t\t\t<\/div>\n\t\t\t\t<\/div>\n\t\t\t\t<div class=\"elementor-element elementor-element-c2ebddd elementor-widget elementor-widget-text-editor\" data-id=\"c2ebddd\" data-element_type=\"widget\" data-widget_type=\"text-editor.default\">\n\t\t\t\t<div class=\"elementor-widget-container\">\n\t\t\t\t\t\t\t\t\t<p><span style=\"font-weight: 400;\">Sum\u00e1rio<\/span><\/p><ol><li><a href=\"https:\/\/docs.google.com\/document\/d\/1c_xTDAuFAMz_KlHEbn0GKIZo_PAEkqY_\/edit#heading=h.gjdgxs\"><i><span style=\"font-weight: 400;\"> INTRODU\u00c7\u00c3O<\/span><\/i> <i><span style=\"font-weight: 400;\">3<\/span><\/i><\/a><\/li><li><a href=\"https:\/\/docs.google.com\/document\/d\/1c_xTDAuFAMz_KlHEbn0GKIZo_PAEkqY_\/edit#heading=h.30j0zll\"><i><span style=\"font-weight: 400;\"> ACESSO P\u00daBLICO E RESTRI\u00c7\u00d5ES<\/span><\/i> <i><span style=\"font-weight: 400;\">3<\/span><\/i><\/a><\/li><li><a href=\"https:\/\/docs.google.com\/document\/d\/1c_xTDAuFAMz_KlHEbn0GKIZo_PAEkqY_\/edit#heading=h.1fob9te\"><i><span style=\"font-weight: 400;\"> DO CADASTRO PARA ACESSO NAS \u00c1REAS RESTRITAS<\/span><\/i> <i><span style=\"font-weight: 400;\">3<\/span><\/i><\/a><\/li><li><a href=\"https:\/\/docs.google.com\/document\/d\/1c_xTDAuFAMz_KlHEbn0GKIZo_PAEkqY_\/edit#heading=h.3znysh7\"><i><span style=\"font-weight: 400;\"> EXCLUS\u00c3O DO CADASTRO<\/span><\/i> <i><span style=\"font-weight: 400;\">4<\/span><\/i><\/a><\/li><li><a href=\"https:\/\/docs.google.com\/document\/d\/1c_xTDAuFAMz_KlHEbn0GKIZo_PAEkqY_\/edit#heading=h.2et92p0\"><i><span style=\"font-weight: 400;\"> DA PUBLICA\u00c7\u00c3O DE CONTE\u00daDOS NO SITE<\/span><\/i> <i><span style=\"font-weight: 400;\">4<\/span><\/i><\/a><\/li><li><a href=\"https:\/\/docs.google.com\/document\/d\/1c_xTDAuFAMz_KlHEbn0GKIZo_PAEkqY_\/edit#heading=h.tyjcwt\"><i><span style=\"font-weight: 400;\"> CONDI\u00c7\u00d5ES PARA USO DOS CONTE\u00daDOS<\/span><\/i> <i><span style=\"font-weight: 400;\">4<\/span><\/i><\/a><\/li><li><a href=\"https:\/\/docs.google.com\/document\/d\/1c_xTDAuFAMz_KlHEbn0GKIZo_PAEkqY_\/edit#heading=h.3dy6vkm\"><i><span style=\"font-weight: 400;\"> DAS RESPONSABILIDADES<\/span><\/i> <i><span style=\"font-weight: 400;\">4<\/span><\/i><\/a><\/li><li><a href=\"https:\/\/docs.google.com\/document\/d\/1c_xTDAuFAMz_KlHEbn0GKIZo_PAEkqY_\/edit#heading=h.1t3h5sf\"><i><span style=\"font-weight: 400;\"> MODIFICA\u00c7\u00c3O DO CONTE\u00daDO PUBLICADO<\/span><\/i> <i><span style=\"font-weight: 400;\">6<\/span><\/i><\/a><\/li><li><a href=\"https:\/\/docs.google.com\/document\/d\/1c_xTDAuFAMz_KlHEbn0GKIZo_PAEkqY_\/edit#heading=h.4d34og8\"><i><span style=\"font-weight: 400;\"> DA CITA\u00c7\u00c3O DE EMPRESAS EM SEUS CONTE\u00daDOS<\/span><\/i> <i><span style=\"font-weight: 400;\">6<\/span><\/i><\/a><\/li><li><a href=\"https:\/\/docs.google.com\/document\/d\/1c_xTDAuFAMz_KlHEbn0GKIZo_PAEkqY_\/edit#heading=h.2s8eyo1\"><i><span style=\"font-weight: 400;\"> DA OUVIDORIA<\/span><\/i> <i><span style=\"font-weight: 400;\">6<\/span><\/i><\/a><\/li><li><a href=\"https:\/\/docs.google.com\/document\/d\/1c_xTDAuFAMz_KlHEbn0GKIZo_PAEkqY_\/edit#heading=h.17dp8vu\"><i><span style=\"font-weight: 400;\"> DA ALTERA\u00c7\u00c3O DO PRESENTE TERMO DE USO<\/span><\/i> <i><span style=\"font-weight: 400;\">6<\/span><\/i><\/a><\/li><li><a href=\"https:\/\/docs.google.com\/document\/d\/1c_xTDAuFAMz_KlHEbn0GKIZo_PAEkqY_\/edit#heading=h.3rdcrjn\"><i><span style=\"font-weight: 400;\"> DO PRAZO PARA RESPOSTA<\/span><\/i> <i><span style=\"font-weight: 400;\">6<\/span><\/i><\/a><\/li><li><a href=\"https:\/\/docs.google.com\/document\/d\/1c_xTDAuFAMz_KlHEbn0GKIZo_PAEkqY_\/edit#heading=h.26in1rg\"><i><span style=\"font-weight: 400;\"> FORO COMPETENTE<\/span><\/i> <i><span style=\"font-weight: 400;\">6<\/span><\/i><\/a><\/li><li><a href=\"https:\/\/docs.google.com\/document\/d\/1c_xTDAuFAMz_KlHEbn0GKIZo_PAEkqY_\/edit#heading=h.lnxbz9\"><i><span style=\"font-weight: 400;\"> AO VER ALGO ERRADO, MANIFESTE-SE!<\/span><\/i> <i><span style=\"font-weight: 400;\">6<\/span><\/i><\/a><\/li><\/ol><ol><li style=\"font-weight: 400;\" aria-level=\"1\"><h1><span style=\"font-weight: 400;\">INTRODU\u00c7\u00c3O\u00a0<\/span><\/h1><\/li><\/ol><p>\u00a0<\/p><p><span style=\"font-weight: 400;\">Este documento de Termos de Uso aplica-se a todos os USU\u00c1RIOs e visitantes do site e integra a Pol\u00edtica de Privacidade e de Tratamento de Dados Pessoais da TAC7.<\/span><\/p><p><span style=\"font-weight: 400;\">Voc\u00ea ter\u00e1 acesso aos termos de uso dentro do site <\/span><a href=\"http:\/\/www.tac7.com.br\"><span style=\"font-weight: 400;\">www.tac7.com.br<\/span><\/a><span style=\"font-weight: 400;\">, que oferece informa\u00e7\u00f5es para quem deseja melhorar a Gest\u00e3o na Serventia Extrajudicial, bem como abre espa\u00e7o para orienta\u00e7\u00f5es espec\u00edficas para cada interessado.<\/span><\/p><p><span style=\"font-weight: 400;\">A empresa TAC7 Desenvolvimento Gerencial LTDA., \u00e9 pessoa jur\u00eddica de direito privado, inscrita no CNPJ sob o n\u00ba 24.902.567\/0001-11, com sede \u00e0 Rua Senador Cesar Lacerda Vergueiro, 257, bairro Sumarezinho, Munic\u00edpio de S\u00e3o Paulo (SP), doravante denominada \u201cTAC7\u201d, e estabelece o presente instrumento, denominado Termos de Uso, com as condi\u00e7\u00f5es e cl\u00e1usulas que o doravante denominado \u201cUSU\u00c1RIO\u201d (Clientes, Membros, Assinantes, Empregados, Parceiros, Prestadores de Servi\u00e7os) <\/span><span style=\"font-weight: 400;\">adere e concorda em se submeter.<\/span><\/p><p><span style=\"font-weight: 400;\">Caso n\u00e3o esteja de acordo com estas diretivas, o\u00a0USU\u00c1RIO\u00a0deve descontinuar o seu acesso ao site e servi\u00e7os da TAC7.<\/span><\/p><p>\u00a0<\/p><ol><li style=\"font-weight: 400;\" aria-level=\"1\"><h1><span style=\"font-weight: 400;\">ACESSO P\u00daBLICO E RESTRI\u00c7\u00d5ES\u00a0<\/span><\/h1><\/li><\/ol><p>\u00a0<\/p><p><span style=\"font-weight: 400;\">Este site poder\u00e1 ser acessado de forma gratuita em toda a sua extens\u00e3o e em todo o seu conte\u00fado.\u00a0<\/span><\/p><p><span style=\"font-weight: 400;\">A TAC7 reserva-se o direito de manter alguns conte\u00fados restritos mediante cadastro. Para que o USU\u00c1RIO tenha acesso a estes conte\u00fados, \u00e9 necess\u00e1rio cadastrar-se, fornecer as informa\u00e7\u00f5es solicitadas e realizar os aceites dos termos apresentados. Todos os dados inseridos neste site s\u00e3o elaborados pela TAC7 de forma direta, ou por seus prestadores de servi\u00e7o e parceiros.\u00a0<\/span><\/p><p><span style=\"font-weight: 400;\">N\u00e3o \u00e9 permitido ao USU\u00c1RIO o acesso ao c\u00f3digo fonte do site, banco de dados ou qualquer outro conjunto de informa\u00e7\u00f5es internas da TAC7. Quem o fizer, estar\u00e1 sujeito \u00e0s penas previstas na legisla\u00e7\u00e3o penal e c\u00edvel regentes no pa\u00eds.\u00a0<\/span><\/p><p><span style=\"font-weight: 400;\">Tamb\u00e9m n\u00e3o \u00e9 permitido ao USU\u00c1RIO qualquer t\u00e9cnica para alterar, modificar, falsear ou esconder o n\u00famero do seu IP durante seu acesso ao site, bem como submeter conte\u00fado ao site que contiverem programas maliciosos. Caso haja descumprimento, seu cadastro e acesso poder\u00e3o ser suspensos ou exclu\u00eddos.\u00a0<\/span><\/p><p>\u00a0<\/p><ol><li style=\"font-weight: 400;\" aria-level=\"1\"><h1><span style=\"font-weight: 400;\">DO CADASTRO PARA ACESSO NAS \u00c1REAS RESTRITAS\u00a0<\/span><\/h1><\/li><\/ol><p>\u00a0<\/p><p><span style=\"font-weight: 400;\">Para ter acesso \u00e0s \u00e1reas restritas, o USU\u00c1RIO \u00e9 obrigado a cadastrar-se e concordar em inserir ali apenas informa\u00e7\u00f5es absolutamente verdadeiras, exatas e atuais. O cadastro em disson\u00e2ncia com essas obriga\u00e7\u00f5es, assim que identificado, poder\u00e1 ser exclu\u00eddo pela TAC7, nos termos do item 4.\u00a0<\/span><\/p><p><span style=\"font-weight: 400;\">O USU\u00c1RIO tamb\u00e9m deve criar uma senha, pessoal e intransfer\u00edvel. A confidencialidade desta senha \u00e9 de sua inteira responsabilidade, bem como qualquer altera\u00e7\u00e3o ou movimenta\u00e7\u00e3o em seu cadastro.\u00a0<\/span><\/p><p><span style=\"font-weight: 400;\">Os dados inseridos poder\u00e3o ser alterados por meio do site, pelo USU\u00c1RIO que primeiro fizer o cadastro, que ser\u00e1 considerado o respons\u00e1vel pela informa\u00e7\u00e3o. A TAC7 n\u00e3o se responsabiliza pelas pessoas inscritas no site, mas se reserva o direito de excluir v\u00ednculos que sejam considerados fraudulentos.\u00a0<\/span><\/p><p>\u00a0<\/p><ol><li style=\"font-weight: 400;\" aria-level=\"1\"><h1><span style=\"font-weight: 400;\">EXCLUS\u00c3O DO CADASTRO\u00a0<\/span><\/h1><\/li><\/ol><p>\u00a0<\/p><p><span style=\"font-weight: 400;\">A TAC7 poder\u00e1 suspender ou excluir, a qualquer tempo, as contas de acesso dos USU\u00c1RIOs que: a) solicitarem o reembolso no prazo divulgado no site do produto (com a 100% da devolu\u00e7\u00e3o do valor pago &#8211; desde que dentro do prazo); ou b) aos que descumprirem o presente Termo de Uso, que transgredirem a lei ou procederem de forma n\u00e3o \u00e9tica, sem a necessidade de aviso pr\u00e9vio ou justificativa. Essa decis\u00e3o n\u00e3o gerar\u00e1 direito a nenhuma esp\u00e9cie de indeniza\u00e7\u00e3o ou ressarcimento, sob qualquer pretexto.\u00a0<\/span><\/p><p>\u00a0<\/p><ol><li style=\"font-weight: 400;\" aria-level=\"1\"><h1><span style=\"font-weight: 400;\">DA PUBLICA\u00c7\u00c3O DE CONTE\u00daDOS NO SITE\u00a0<\/span><\/h1><\/li><\/ol><p>\u00a0<\/p><p><span style=\"font-weight: 400;\">A TAC7 tem o direito de suspender o acesso ou retirar do site qualquer conte\u00fado publicado sem pr\u00e9via autoriza\u00e7\u00e3o ou justificativa.\u00a0<\/span><\/p><p><span style=\"font-weight: 400;\">O USU\u00c1RIO concorda com o fato de n\u00e3o ser poss\u00edvel a TAC7 averiguar se todos os materiais est\u00e3o em conformidade com os termos da Lei n\u00ba 9.610\/98 (Lei de Direitos Autorais), em especial os conte\u00fados fornecidos a t\u00edtulo de colabora\u00e7\u00e3o, isentando-o, portanto, de quaisquer responsabilidades nesse sentido. Entretanto, caso o USU\u00c1RIO suspeite de qualquer conte\u00fado contr\u00e1rio \u00e0 legisla\u00e7\u00e3o em vigor, por favor, entre em contato imediato com ouvidoria@tac7.com.br.<\/span><\/p><p>\u00a0<\/p><ol><li style=\"font-weight: 400;\" aria-level=\"1\"><h1><span style=\"font-weight: 400;\">CONDI\u00c7\u00d5ES PARA USO DOS CONTE\u00daDOS\u00a0<\/span><\/h1><\/li><\/ol><p>\u00a0<\/p><p><span style=\"font-weight: 400;\">Todo o conte\u00fado do site poder\u00e1 servir para o uso pessoal do USU\u00c1RIO, desde que citada a fonte. Est\u00e1 expressamente proibido alterar, plagiar, vender ou distribuir, com finalidade comercial, total ou parcialmente, qualquer conte\u00fado publicado no site sem a autoriza\u00e7\u00e3o pr\u00e9via e formalizada pela TAC7.\u00a0<\/span><\/p><p><span style=\"font-weight: 400;\">Havendo a autoriza\u00e7\u00e3o da TAC7, poder\u00e1 ser repassado aos USU\u00c1RIOs o direito de utiliza\u00e7\u00e3o, de c\u00f3pia, de reprodu\u00e7\u00e3o e de retransmiss\u00e3o por quaisquer meios, bem como de utiliza\u00e7\u00e3o em outros sites, sempre com a ressalva de que esta utiliza\u00e7\u00e3o n\u00e3o poder\u00e1 visar lucro e que dever\u00e1 obrigatoriamente citar o autor e a fonte.\u00a0<\/span><\/p><p><span style=\"font-weight: 400;\">Os conte\u00fados sem identifica\u00e7\u00e3o do autor s\u00e3o de propriedade da TAC7 e podem tamb\u00e9m ser utilizados das mesmas formas, desde que atendidos os mesmos requisitos. Caso o conte\u00fado seja autorizado para publica\u00e7\u00e3o em outros sites, estes dever\u00e3o remeter ao conte\u00fado original por meio de hiperlink, citando-o como fonte da nova publica\u00e7\u00e3o.\u00a0<\/span><\/p><p><span style=\"font-weight: 400;\">O simples acesso ao site j\u00e1 \u00e9 considerado uma declara\u00e7\u00e3o do USU\u00c1RIO de que ir\u00e1 respeitar todos os direitos de propriedade intelectual que est\u00e3o depositados ou registrados em nome da TAC7, bem como de terceiros e que, por alguma raz\u00e3o, estejam dispon\u00edveis no site.\u00a0<\/span><\/p><p>\u00a0<\/p><ol><li style=\"font-weight: 400;\" aria-level=\"1\"><h1><span style=\"font-weight: 400;\">DAS RESPONSABILIDADES\u00a0<\/span><\/h1><\/li><\/ol><p>\u00a0<\/p><ul><li><span style=\"font-weight: 400;\"> ATENDIMENTO ONLINE\u00a0<\/span><\/li><\/ul><p><span style=\"font-weight: 400;\">O atendimento online da TAC7, acess\u00edvel por meio do link \u201cFale Conosco\u201d, foi desenvolvido para auxiliar USU\u00c1RIO com orienta\u00e7\u00f5es e informa\u00e7\u00f5es oferecidas pela equipe de atendimento da TAC7. Todas as informa\u00e7\u00f5es e d\u00favidas esclarecidas neste canal tem car\u00e1ter de mera orienta\u00e7\u00e3o, a TAC7 n\u00e3o se responsabiliza por qualquer consequ\u00eancia ou dano causado ao USU\u00c1RIO, sendo de sua responsabilidade exclusiva as a\u00e7\u00f5es realizadas ap\u00f3s o seu atendimento. As orienta\u00e7\u00f5es e opini\u00f5es fornecidas pelo atendente tomam por base as informa\u00e7\u00f5es e dados fornecidos pelo USU\u00c1RIO, resultantes das intera\u00e7\u00f5es realizadas por meio de chat ou e-mail. Desta forma, partem do pressuposto de que esses dados s\u00e3o verdadeiros. Assim, qualquer incongru\u00eancia entre a orienta\u00e7\u00e3o e as informa\u00e7\u00f5es prestadas pelo USU\u00c1RIO resultante da inconsist\u00eancia desses dados, \u00e9 de total responsabilidade do USU\u00c1RIO que as inseriu. Por outro lado, o atendente obriga-se a primar pela qualidade das orienta\u00e7\u00f5es, informa\u00e7\u00f5es e opini\u00f5es que ir\u00e1 fornecer durante o atendimento ao USU\u00c1RIO.\u00a0<\/span><\/p><p>\u00a0<\/p><ul><li><span style=\"font-weight: 400;\"> DIAGN\u00d3STICO DE GEST\u00c3O DO CART\u00d3RIO<\/span><\/li><\/ul><p><span style=\"font-weight: 400;\">O USU\u00c1RIO poder\u00e1 responder ao question\u00e1rio de \u201cDiagn\u00f3stico de Gest\u00e3o do Cart\u00f3rio\u201d. \u00c9 importante ressaltar que a resposta ao diagn\u00f3stico \u00e9 optativa e serve para que a TAC7 possa oferecer solu\u00e7\u00f5es e orienta\u00e7\u00f5es mais adequadas \u00e0 realidade do USU\u00c1RIO, tais como porte do cart\u00f3rio, especialidade, entre outros. Por meio do Diagn\u00f3stico, ser\u00e1 constatado o n\u00edvel de sua profici\u00eancia em diversos temas de gest\u00e3o. A partir deste momento, a TAC7 poder\u00e1 sugerir produtos e servi\u00e7os para melhoria na gest\u00e3o da unidade extrajudicial. As sugest\u00f5es s\u00e3o opcionais e a decis\u00e3o de segui-las \u00e9 faculdade exclusiva do USU\u00c1RIO. A TAC7 n\u00e3o \u00e9 respons\u00e1vel por qualquer dano causado em raz\u00e3o da m\u00e1 utiliza\u00e7\u00e3o das informa\u00e7\u00f5es fornecidas.\u00a0<\/span><\/p><p>\u00a0<\/p><ul><li><span style=\"font-weight: 400;\"> CURSOS ONLINE\u00a0<\/span><\/li><\/ul><p><span style=\"font-weight: 400;\">Os cursos online da TAC7 foram desenvolvidos para apoiar os delegat\u00e1rios das serventias e\/ou seus respectivos gestores respons\u00e1veis no desenvolvimento de novas compet\u00eancias por meio de cursos em tem\u00e1ticas diversas de interesse dos cart\u00f3rios de todos os portes e especialidades.\u00a0<\/span><\/p><p><span style=\"font-weight: 400;\">Os cursos podem ser realizados ap\u00f3s o cadastramento pr\u00e9vio do USU\u00c1RIO. Cada curso possui uma programa\u00e7\u00e3o espec\u00edfica que est\u00e1 descrita em sua apresenta\u00e7\u00e3o. Ap\u00f3s ter conclu\u00eddo o curso online e respondido a pesquisa de satisfa\u00e7\u00e3o, o USU\u00c1RIO poder\u00e1 emitir o certificado de conclus\u00e3o do curso. Caso tenha dificuldade em sua emiss\u00e3o, o USU\u00c1RIO poder\u00e1 solicitar apoio por meio do link \u201cFale Conosco\u201d no site.\u00a0<\/span><\/p><p>\u00a0<\/p><ul><li><span style=\"font-weight: 400;\"> WEBINARES\u00a0<\/span><\/li><\/ul><p><span style=\"font-weight: 400;\">Os webinares realizados pela TAC7 s\u00e3o transmiss\u00f5es ao vivo de conte\u00fados em temas diversos de interesse dos delegat\u00e1rios das serventias e\/ou dos seus respectivos gestores respons\u00e1veis pelos cart\u00f3rios. Os webinares ser\u00e3o acessados ap\u00f3s o cadastramento pr\u00e9vio do USU\u00c1RIO e a inscri\u00e7\u00e3o no respectivo webinar. Ap\u00f3s a sua inscri\u00e7\u00e3o, o participante receber\u00e1 um link de acesso ao webinar em que se inscreveu para acesso no hor\u00e1rio indicado.\u00a0<\/span><\/p><p>\u00a0<\/p><ul><li><span style=\"font-weight: 400;\"> CURSOS E EVENTOS PRESENCIAIS\u00a0<\/span><\/li><\/ul><p><span style=\"font-weight: 400;\">Os cursos e eventos presenciais s\u00e3o oferecidos pela TAC7, sendo de sua responsabilidade a manuten\u00e7\u00e3o de informa\u00e7\u00f5es fidedignas e atualizadas sobre cada evento. Em caso de cursos e eventos pagos, o USU\u00c1RIO ser\u00e1 encaminhado para o fluxo espec\u00edfico de contrata\u00e7\u00e3o e pagamento de responsabilidade exclusiva da empresa que possui a plataforma de vendas (exemplo: Hotmart, Eduzz, entre outros).\u00a0<\/span><\/p><p>\u00a0<\/p><ul><li><span style=\"font-weight: 400;\"> SOBRE OS LINKS INDICADOS\u00a0<\/span><\/li><\/ul><p><span style=\"font-weight: 400;\">A TAC7 n\u00e3o se responsabiliza pelos links a sites externos apontados em suas p\u00e1ginas. As informa\u00e7\u00f5es neles contidas s\u00e3o de inteira responsabilidade de quem as inseriu. A visita a qualquer desses sites \u00e9 mera liberalidade do USU\u00c1RIO.\u00a0<\/span><\/p><p>\u00a0<\/p><ol><li style=\"font-weight: 400;\" aria-level=\"1\"><h1><span style=\"font-weight: 400;\">MODIFICA\u00c7\u00c3O DO CONTE\u00daDO PUBLICADO\u00a0<\/span><\/h1><\/li><\/ol><p>\u00a0<\/p><p><span style=\"font-weight: 400;\">A TAC7 tem livre acesso para alterar ou atualizar qualquer informa\u00e7\u00e3o do Site, periodicamente ou conforme a sua necessidade. Portanto, nenhum conte\u00fado poder\u00e1 ser considerado definitivo. As informa\u00e7\u00f5es constantes no Site ser\u00e3o sempre associadas \u00e0 conveni\u00eancia do tempo em que forem publicadas.\u00a0<\/span><\/p><p>\u00a0<\/p><ol><li style=\"font-weight: 400;\" aria-level=\"1\"><h1><span style=\"font-weight: 400;\">DA CITA\u00c7\u00c3O DE EMPRESAS EM SEUS CONTE\u00daDOS\u00a0<\/span><\/h1><\/li><\/ol><p>\u00a0<\/p><p><span style=\"font-weight: 400;\">Ao citar uma empresa em qualquer de seus conte\u00fados, a TAC7 afirma que n\u00e3o est\u00e1 promovendo-a comercialmente, bem como n\u00e3o restringe a escolha do USU\u00c1RIO em procurar e contratar empresas diferentes da citada. O USU\u00c1RIO \u00e9 livre para tomar suas decis\u00f5es.\u00a0<\/span><\/p><p>\u00a0<\/p><ol><li style=\"font-weight: 400;\" aria-level=\"1\"><h1><span style=\"font-weight: 400;\">DA OUVIDORIA<\/span><\/h1><\/li><\/ol><p>\u00a0<\/p><p><span style=\"font-weight: 400;\">A Ouvidoria da TAC7 \u00e9 um servi\u00e7o de atendimento ao cliente que recebe reclama\u00e7\u00f5es, den\u00fancias, cr\u00edticas, elogios e sugest\u00f5es para melhoria de servi\u00e7os. O acesso \u00e9 via email: <\/span><a href=\"mailto:ouvidoria@tac7.com.br\"><span style=\"font-weight: 400;\">ouvidoria@tac7.com.br<\/span><\/a><span style=\"font-weight: 400;\">. A Ouvidoria tem o objetivo de lidar com as exce\u00e7\u00f5es, ou seja, quest\u00f5es que n\u00e3o tenham sido resolvidas anteriormente pelos setores competentes para tal. Ela atua estrategicamente, de forma personalizada e na media\u00e7\u00e3o de conflitos. \u00c9 sempre solicitado ao cliente que se identifique para registrar uma ocorr\u00eancia na Ouvidoria, mesmo na \u00e1rea n\u00e3o logada (\u00e1rea aberta do Site), exceto quando se tratar de den\u00fancia, que poder\u00e1 ser registrada anonimamente.\u00a0<\/span><\/p><p>\u00a0<\/p><ol><li style=\"font-weight: 400;\" aria-level=\"1\"><h1><span style=\"font-weight: 400;\">DA ALTERA\u00c7\u00c3O DO PRESENTE TERMO DE USO\u00a0<\/span><\/h1><\/li><\/ol><p>\u00a0<\/p><p><span style=\"font-weight: 400;\">A TAC7 poder\u00e1 alterar o Termo de Uso presente sem pr\u00e9vio aviso e quando julgar necess\u00e1rio.\u00a0<\/span><\/p><p>\u00a0<\/p><ol><li style=\"font-weight: 400;\" aria-level=\"1\"><h1><span style=\"font-weight: 400;\">DO PRAZO PARA RESPOSTA\u00a0<\/span><\/h1><\/li><\/ol><p>\u00a0<\/p><p><span style=\"font-weight: 400;\">O atendimento ass\u00edncrono (via e-mail) dever\u00e1 ser respondido em at\u00e9 5 (cinco) dias \u00fateis. A Ouvidoria tem o prazo de at\u00e9 10 (dez) dias \u00fateis para responder ao cliente.\u00a0<\/span><\/p><p>\u00a0<\/p><ol><li style=\"font-weight: 400;\" aria-level=\"1\"><h1><span style=\"font-weight: 400;\">FORO COMPETENTE\u00a0<\/span><\/h1><\/li><\/ol><p>\u00a0<\/p><p><span style=\"font-weight: 400;\">Os Termos e Condi\u00e7\u00f5es de Uso aqui descritos s\u00e3o interpretados segundo a legisla\u00e7\u00e3o brasileira. Fica eleito o Foro da Comarca da capital S\u00e3o Paulo, no Estado de S\u00e3o Paulo, para dirimir qualquer lit\u00edgio, quest\u00e3o ou d\u00favida superveniente, com expressa ren\u00fancia de qualquer outro, por mais privilegiado que seja.<\/span><\/p><p>\u00a0<\/p><ol><li style=\"font-weight: 400;\" aria-level=\"1\"><h1><span style=\"font-weight: 400;\">AO VER ALGO ERRADO, MANIFESTE-SE!<\/span><\/h1><\/li><\/ol><p><span style=\"font-weight: 400;\">Os dados coletados pela empresa s\u00e3o adequados, pertinentes e limitados ao que \u00e9 necess\u00e1rio (minimiza\u00e7\u00e3o de dados) relativamente \u00e0s finalidades para as quais s\u00e3o tratados, conforme Art. 52 \u2013 VIII da LGPD.<\/span><\/p><p><span style=\"font-weight: 400;\">Empresa se compromete a utilizar os melhores sistemas de prote\u00e7\u00e3o disponibilizados pela tecnologia de internet, e emprega todos os esfor\u00e7os para manter a integridade e a confidencialidade das informa\u00e7\u00f5es que lhe s\u00e3o fornecidas.<\/span><\/p><p><span style=\"font-weight: 400;\">Manifeste-se para se comunicar com nossos membros sobre sua conta. Caso suspeite de alguma viola\u00e7\u00e3o ou tenha d\u00favidas em rela\u00e7\u00e3o a esse termo, envie um e-mail para <\/span><a href=\"mailto:ouvidoria@tac7.com.br\"><span style=\"font-weight: 400;\">ouvidoria@tac7.com.br<\/span><\/a><span style=\"font-weight: 400;\">.\u00a0<\/span><\/p><p><span style=\"font-weight: 400;\">No caso de uma viola\u00e7\u00e3o de dados pessoais, a empresa dever\u00e1 prontamente avaliar o risco para os direitos e liberdades das pessoas e, se apropriado, informar essa viola\u00e7\u00e3o \u00e0 autoridade competente.<\/span><\/p><p><span style=\"font-weight: 400;\">Nossa equipe analisar\u00e1 todas as den\u00fancias, responder\u00e1 \u00e0s suas perguntas e determinar\u00e1 se houve uma viola\u00e7\u00e3o do nosso termo de uso.<\/span><\/p><p>\u00a0<\/p><p><span style=\"font-weight: 400;\">Estamos \u00e0 disposi\u00e7\u00e3o para ajudar voc\u00ea a entender nossas pol\u00edticas e a ter sucesso com os ensinamentos da TAC7.\u00a0<\/span><\/p><p>\u00a0<\/p><p><span style=\"font-weight: 400;\">Equipe TAC7\u00a0<\/span><\/p><p><br \/><br \/><\/p>\t\t\t\t\t\t\t\t<\/div>\n\t\t\t\t<\/div>\n\t\t\t\t\t<\/div>\n\t\t\t\t<\/div>\n\t\t\t\t<\/div>\n\t\t","protected":false},"excerpt":{"rendered":"<p>Termos de Uso Sum\u00e1rio INTRODU\u00c7\u00c3O 3 ACESSO P\u00daBLICO E RESTRI\u00c7\u00d5ES 3 DO CADASTRO PARA ACESSO NAS \u00c1REAS RESTRITAS 3 EXCLUS\u00c3O DO CADASTRO 4 DA PUBLICA\u00c7\u00c3O DE CONTE\u00daDOS NO SITE 4 CONDI\u00c7\u00d5ES PARA USO DOS CONTE\u00daDOS 4 DAS RESPONSABILIDADES 4 MODIFICA\u00c7\u00c3O DO CONTE\u00daDO PUBLICADO 6 DA CITA\u00c7\u00c3O DE EMPRESAS EM SEUS CONTE\u00daDOS 6 DA OUVIDORIA 6 [&hellip;]<\/p>\n","protected":false},"author":1,"featured_media":0,"parent":0,"menu_order":0,"comment_status":"closed","ping_status":"closed","template":"elementor_canvas","meta":{"footnotes":""},"class_list":["post-445","page","type-page","status-publish","hentry"],"_links":{"self":[{"href":"https:\/\/tac7.com.br\/rh-exponencial-ou-linear\/wp-json\/wp\/v2\/pages\/445","targetHints":{"allow":["GET"]}}],"collection":[{"href":"https:\/\/tac7.com.br\/rh-exponencial-ou-linear\/wp-json\/wp\/v2\/pages"}],"about":[{"href":"https:\/\/tac7.com.br\/rh-exponencial-ou-linear\/wp-json\/wp\/v2\/types\/page"}],"author":[{"embeddable":true,"href":"https:\/\/tac7.com.br\/rh-exponencial-ou-linear\/wp-json\/wp\/v2\/users\/1"}],"replies":[{"embeddable":true,"href":"https:\/\/tac7.com.br\/rh-exponencial-ou-linear\/wp-json\/wp\/v2\/comments?post=445"}],"version-history":[{"count":4,"href":"https:\/\/tac7.com.br\/rh-exponencial-ou-linear\/wp-json\/wp\/v2\/pages\/445\/revisions"}],"predecessor-version":[{"id":449,"href":"https:\/\/tac7.com.br\/rh-exponencial-ou-linear\/wp-json\/wp\/v2\/pages\/445\/revisions\/449"}],"wp:attachment":[{"href":"https:\/\/tac7.com.br\/rh-exponencial-ou-linear\/wp-json\/wp\/v2\/media?parent=445"}],"curies":[{"name":"wp","href":"https:\/\/api.w.org\/{rel}","templated":true}]}}